{"id":1056,"date":"2014-12-29T10:41:20","date_gmt":"2014-12-29T10:41:20","guid":{"rendered":"http:\/\/mismaeficacia.cat\/?page_id=1056"},"modified":"2015-05-11T19:11:32","modified_gmt":"2015-05-11T19:11:32","slug":"que-es-un-cet","status":"publish","type":"page","link":"https:\/\/mismaeficacia.cat\/es\/cet\/que-es-un-cet\/","title":{"rendered":"\u00bfQu\u00e9 es un CET?"},"content":{"rendered":"<blockquote><p><img loading=\"lazy\" class=\"alignleft size-full wp-image-1625\" src=\"http:\/\/mismaeficacia.cat\/wp-content\/uploads\/2014\/12\/cet.png\" alt=\"cet\" width=\"240\" height=\"120\" \/><\/p>\n<p><strong>Es una empresa que realiza su actividad con personas cuyo grado de discapacidad les permite trabajar con eficacia y rendimiento obteniendo resultados competitivos.<\/strong><\/p><\/blockquote>\n<p><!--more--><br \/>\nEs una entidad jur\u00eddica <strong>con o sin \u00e1nimo de lucro<\/strong> que presta y elabora servicios con sus propios trabajadores teniendo estos a efectos legales una discapacidad reconocida y porcentualmente igual o superior a un 33%.<\/p>\n<p><strong>Realiza su actividad con eficacia, obteniendo resultados competitivos y generando valor econ\u00f3mico social.<\/strong><\/p>\n<p>Trabajando con personas con alguna discapacidad f\u00edsica, ps\u00edquica o sensorial, se contribuye a la total <strong>integraci\u00f3n laboral, econ\u00f3mica y social de este colectivo<\/strong>.<\/p>\n","protected":false},"excerpt":{"rendered":"<p>Es una empresa que realiza su actividad con personas cuyo grado de discapacidad les permite trabajar con eficacia y rendimiento obteniendo resultados competitivos.<\/p>\n","protected":false},"author":1,"featured_media":887,"parent":1054,"menu_order":1,"comment_status":"closed","ping_status":"closed","template":"","meta":[],"_links":{"self":[{"href":"https:\/\/mismaeficacia.cat\/es\/wp-json\/wp\/v2\/pages\/1056"}],"collection":[{"href":"https:\/\/mismaeficacia.cat\/es\/wp-json\/wp\/v2\/pages"}],"about":[{"href":"https:\/\/mismaeficacia.cat\/es\/wp-json\/wp\/v2\/types\/page"}],"author":[{"embeddable":true,"href":"https:\/\/mismaeficacia.cat\/es\/wp-json\/wp\/v2\/users\/1"}],"replies":[{"embeddable":true,"href":"https:\/\/mismaeficacia.cat\/es\/wp-json\/wp\/v2\/comments?post=1056"}],"version-history":[{"count":11,"href":"https:\/\/mismaeficacia.cat\/es\/wp-json\/wp\/v2\/pages\/1056\/revisions"}],"predecessor-version":[{"id":1627,"href":"https:\/\/mismaeficacia.cat\/es\/wp-json\/wp\/v2\/pages\/1056\/revisions\/1627"}],"up":[{"embeddable":true,"href":"https:\/\/mismaeficacia.cat\/es\/wp-json\/wp\/v2\/pages\/1054"}],"wp:featuredmedia":[{"embeddable":true,"href":"https:\/\/mismaeficacia.cat\/es\/wp-json\/wp\/v2\/media\/887"}],"wp:attachment":[{"href":"https:\/\/mismaeficacia.cat\/es\/wp-json\/wp\/v2\/media?parent=1056"}],"curies":[{"name":"wp","href":"https:\/\/api.w.org\/{rel}","templated":true}]}}