{"id":1086,"date":"2014-12-29T10:54:08","date_gmt":"2014-12-29T10:54:08","guid":{"rendered":"http:\/\/mismaeficacia.cat\/como-trabajamos-2\/"},"modified":"2016-04-26T14:01:33","modified_gmt":"2016-04-26T14:01:33","slug":"como-trabajamos","status":"publish","type":"page","link":"https:\/\/mismaeficacia.cat\/es\/como-trabajamos\/","title":{"rendered":"\u00bfC\u00f3mo trabajamos?"},"content":{"rendered":"<blockquote><p><span class=\"equalizer-inner\"><img loading=\"lazy\" class=\"alignleft size-medium wp-image-1402\" src=\"http:\/\/mismaeficacia.cat\/wp-content\/uploads\/2014\/12\/03-com-treballem-300x225.png\" alt=\"03-com-treballem\" width=\"300\" height=\"225\" \/><\/span><\/p>\n<p>&nbsp;<\/p>\n<p><span class=\"equalizer-inner\">Organizaci\u00f3n, gesti\u00f3n y control del servicio. Aplicando controles de calidad y prevenci\u00f3n de riesgo laborales.\u00a0<\/span><\/p><\/blockquote>\n<p><!--more--><\/p>\n<p>&nbsp;<\/p>\n<p><span style=\"color: #ffffff;\">..<\/span><\/p>\n<p>Nos basamos en la organizaci\u00f3n, gesti\u00f3n, y control del servicio, aplicado m\u00e9todos, sistemas y procedimientos personalizados para el servicio o negocio en cada caso.<\/p>\n<blockquote><p><a title=\"Certificat ISO\" href=\"http:\/\/mismaeficacia.cat\/wp-content\/uploads\/2015\/03\/certificat-ISO.pdf\" target=\"_blank\"><span class=\"equalizer-inner\"><img loading=\"lazy\" class=\"alignleft wp-image-1538 size-thumbnail\" src=\"http:\/\/mismaeficacia.cat\/wp-content\/uploads\/2014\/12\/certificat-ISO-150x150.jpg\" alt=\"certificat-ISO\" width=\"150\" height=\"150\" srcset=\"https:\/\/mismaeficacia.cat\/wp-content\/uploads\/2014\/12\/certificat-ISO-150x150.jpg 150w, https:\/\/mismaeficacia.cat\/wp-content\/uploads\/2014\/12\/certificat-ISO-128x128.jpg 128w\" sizes=\"(max-width: 150px) 100vw, 150px\" \/><\/span><\/a><\/p>\n<p>&nbsp;<\/p>\n<p><span class=\"equalizer-inner\"><span class=\"equalizer-inner\">Implantamos controles de calidad y evaluaci\u00f3n de riesgos laborales.<\/span><\/span><\/p><\/blockquote>\n<p>&nbsp;<\/p>\n","protected":false},"excerpt":{"rendered":"<p>&nbsp; Organizaci\u00f3n, gesti\u00f3n y control del servicio. Aplicando controles de calidad y prevenci\u00f3n de riesgo laborales.\u00a0<\/p>\n","protected":false},"author":1,"featured_media":885,"parent":0,"menu_order":4,"comment_status":"closed","ping_status":"closed","template":"","meta":[],"_links":{"self":[{"href":"https:\/\/mismaeficacia.cat\/es\/wp-json\/wp\/v2\/pages\/1086"}],"collection":[{"href":"https:\/\/mismaeficacia.cat\/es\/wp-json\/wp\/v2\/pages"}],"about":[{"href":"https:\/\/mismaeficacia.cat\/es\/wp-json\/wp\/v2\/types\/page"}],"author":[{"embeddable":true,"href":"https:\/\/mismaeficacia.cat\/es\/wp-json\/wp\/v2\/users\/1"}],"replies":[{"embeddable":true,"href":"https:\/\/mismaeficacia.cat\/es\/wp-json\/wp\/v2\/comments?post=1086"}],"version-history":[{"count":9,"href":"https:\/\/mismaeficacia.cat\/es\/wp-json\/wp\/v2\/pages\/1086\/revisions"}],"predecessor-version":[{"id":2090,"href":"https:\/\/mismaeficacia.cat\/es\/wp-json\/wp\/v2\/pages\/1086\/revisions\/2090"}],"wp:featuredmedia":[{"embeddable":true,"href":"https:\/\/mismaeficacia.cat\/es\/wp-json\/wp\/v2\/media\/885"}],"wp:attachment":[{"href":"https:\/\/mismaeficacia.cat\/es\/wp-json\/wp\/v2\/media?parent=1086"}],"curies":[{"name":"wp","href":"https:\/\/api.w.org\/{rel}","templated":true}]}}