{"id":1091,"date":"2014-12-29T11:00:59","date_gmt":"2014-12-29T11:00:59","guid":{"rendered":"http:\/\/mismaeficacia.cat\/?page_id=1091"},"modified":"2015-03-15T16:29:39","modified_gmt":"2015-03-15T16:29:39","slug":"estructura-de-gestion","status":"publish","type":"page","link":"https:\/\/mismaeficacia.cat\/es\/como-trabajamos\/estructura-de-gestion\/","title":{"rendered":"M\u00e9todo"},"content":{"rendered":"<p style=\"text-align: justify;\">Tenemos una<strong> estructura organizativa<\/strong> focalizada en la gesti\u00f3n del servicio y <strong>en generar valor a\u00f1adido para nuestros clientes<\/strong>.<\/p>\n<p style=\"text-align: justify;\">La gesti\u00f3n de servicios precisa de un <strong>equipo multifuncional, formado y capacitado<\/strong> para planificar acciones, prevenir desviaciones y\/o aplicar correcciones para conseguir los resultados previstos.<\/p>\n<p style=\"text-align: justify;\">Todas las \u00e1reas gestionan y coordinan las operaciones para poder <strong>evaluar y seguir la trazabilidad<\/strong> de los procesos y asegurar el cumplimiento del servicio previsto.<\/p>\n<p style=\"text-align: justify;\"><strong>El proceso de mejora continua PAC<\/strong> (Planificar \u2013 Actuar \u2013 Comprobar), facilita y permite a nuestros equipos realizar el autocontrol, detectar incidencias o imprevistos y aplicar si es necesario acciones correctoras.<\/p>\n<blockquote><p><strong>Muy cerca del cliente<\/strong><\/p><\/blockquote>\n<p><a href=\"http:\/\/mismaeficacia.cat\/wp-content\/uploads\/2014\/12\/proceso-01.png\"><img loading=\"lazy\" class=\"alignnone wp-image-1279 size-large\" src=\"http:\/\/mismaeficacia.cat\/wp-content\/uploads\/2014\/12\/proceso-01-1024x781.png\" alt=\"proceso-01\" width=\"1024\" height=\"781\" srcset=\"https:\/\/mismaeficacia.cat\/wp-content\/uploads\/2014\/12\/proceso-01-1024x781.png 1024w, https:\/\/mismaeficacia.cat\/wp-content\/uploads\/2014\/12\/proceso-01-300x229.png 300w\" sizes=\"(max-width: 1024px) 100vw, 1024px\" \/><\/a><\/p>\n","protected":false},"excerpt":{"rendered":"<p>Tenemos una estructura organizativa focalizada en la gesti\u00f3n del servicio y en generar valor a\u00f1adido para nuestros clientes. La gesti\u00f3n de servicios precisa de un equipo multifuncional, formado y capacitado para planificar acciones, prevenir desviaciones y\/o aplicar correcciones para conseguir los resultados previstos. Todas las \u00e1reas gestionan y coordinan las operaciones para poder evaluar y [&hellip;]<\/p>\n","protected":false},"author":1,"featured_media":0,"parent":1086,"menu_order":1,"comment_status":"closed","ping_status":"closed","template":"","meta":[],"_links":{"self":[{"href":"https:\/\/mismaeficacia.cat\/es\/wp-json\/wp\/v2\/pages\/1091"}],"collection":[{"href":"https:\/\/mismaeficacia.cat\/es\/wp-json\/wp\/v2\/pages"}],"about":[{"href":"https:\/\/mismaeficacia.cat\/es\/wp-json\/wp\/v2\/types\/page"}],"author":[{"embeddable":true,"href":"https:\/\/mismaeficacia.cat\/es\/wp-json\/wp\/v2\/users\/1"}],"replies":[{"embeddable":true,"href":"https:\/\/mismaeficacia.cat\/es\/wp-json\/wp\/v2\/comments?post=1091"}],"version-history":[{"count":14,"href":"https:\/\/mismaeficacia.cat\/es\/wp-json\/wp\/v2\/pages\/1091\/revisions"}],"predecessor-version":[{"id":1475,"href":"https:\/\/mismaeficacia.cat\/es\/wp-json\/wp\/v2\/pages\/1091\/revisions\/1475"}],"up":[{"embeddable":true,"href":"https:\/\/mismaeficacia.cat\/es\/wp-json\/wp\/v2\/pages\/1086"}],"wp:attachment":[{"href":"https:\/\/mismaeficacia.cat\/es\/wp-json\/wp\/v2\/media?parent=1091"}],"curies":[{"name":"wp","href":"https:\/\/api.w.org\/{rel}","templated":true}]}}