{"id":1097,"date":"2014-12-29T11:06:23","date_gmt":"2014-12-29T11:06:23","guid":{"rendered":"http:\/\/mismaeficacia.cat\/?page_id=1097"},"modified":"2015-03-15T16:25:26","modified_gmt":"2015-03-15T16:25:26","slug":"prevencion-de-riesgos-laborales","status":"publish","type":"page","link":"https:\/\/mismaeficacia.cat\/es\/como-trabajamos\/prevencion-de-riesgos-laborales\/","title":{"rendered":"Prevenci\u00f3n de riesgos laborales"},"content":{"rendered":"<p style=\"text-align: justify;\">El departamento de Prevenci\u00f3n Riesgos Laborales combina los <strong>recursos propios de la empresa con los de la Mutua de Accidentes y Sociedad de Prevenci\u00f3n<\/strong> para gestionar las cuatro especialidades seg\u00fan las necesidades de cada tipo de servicio y sector de actividad:<\/p>\n<p><a href=\"http:\/\/mismaeficacia.cat\/wp-content\/uploads\/2014\/12\/prevencio-cast-01.png\"><img loading=\"lazy\" class=\"aligncenter wp-image-1234 \" src=\"http:\/\/mismaeficacia.cat\/wp-content\/uploads\/2014\/12\/prevencio-cast-01-1024x855.png\" alt=\"prevencio-cast-01\" width=\"727\" height=\"666\" \/><\/a><\/p>\n","protected":false},"excerpt":{"rendered":"<p>El departamento de Prevenci\u00f3n Riesgos Laborales combina los recursos propios de la empresa con los de la Mutua de Accidentes y Sociedad de Prevenci\u00f3n para gestionar las cuatro especialidades seg\u00fan las necesidades de cada tipo de servicio y sector de actividad:<\/p>\n","protected":false},"author":1,"featured_media":0,"parent":1086,"menu_order":2,"comment_status":"closed","ping_status":"closed","template":"","meta":[],"_links":{"self":[{"href":"https:\/\/mismaeficacia.cat\/es\/wp-json\/wp\/v2\/pages\/1097"}],"collection":[{"href":"https:\/\/mismaeficacia.cat\/es\/wp-json\/wp\/v2\/pages"}],"about":[{"href":"https:\/\/mismaeficacia.cat\/es\/wp-json\/wp\/v2\/types\/page"}],"author":[{"embeddable":true,"href":"https:\/\/mismaeficacia.cat\/es\/wp-json\/wp\/v2\/users\/1"}],"replies":[{"embeddable":true,"href":"https:\/\/mismaeficacia.cat\/es\/wp-json\/wp\/v2\/comments?post=1097"}],"version-history":[{"count":4,"href":"https:\/\/mismaeficacia.cat\/es\/wp-json\/wp\/v2\/pages\/1097\/revisions"}],"predecessor-version":[{"id":1473,"href":"https:\/\/mismaeficacia.cat\/es\/wp-json\/wp\/v2\/pages\/1097\/revisions\/1473"}],"up":[{"embeddable":true,"href":"https:\/\/mismaeficacia.cat\/es\/wp-json\/wp\/v2\/pages\/1086"}],"wp:attachment":[{"href":"https:\/\/mismaeficacia.cat\/es\/wp-json\/wp\/v2\/media?parent=1097"}],"curies":[{"name":"wp","href":"https:\/\/api.w.org\/{rel}","templated":true}]}}