{"id":1102,"date":"2014-12-29T11:08:11","date_gmt":"2014-12-29T11:08:11","guid":{"rendered":"http:\/\/mismaeficacia.cat\/?page_id=1102"},"modified":"2015-03-15T16:36:18","modified_gmt":"2015-03-15T16:36:18","slug":"formacion","status":"publish","type":"page","link":"https:\/\/mismaeficacia.cat\/es\/como-trabajamos\/formacion\/","title":{"rendered":"Formaci\u00f3n"},"content":{"rendered":"<p><a href=\"http:\/\/mismaeficacia.cat\/wp-content\/uploads\/2014\/12\/formacio-cast-01.png\"><img loading=\"lazy\" class=\"  wp-image-1237 aligncenter\" src=\"http:\/\/mismaeficacia.cat\/wp-content\/uploads\/2014\/12\/formacio-cast-01-1024x497.png\" alt=\"formacio-cast-01\" width=\"690\" height=\"335\" srcset=\"https:\/\/mismaeficacia.cat\/wp-content\/uploads\/2014\/12\/formacio-cast-01-1024x497.png 1024w, https:\/\/mismaeficacia.cat\/wp-content\/uploads\/2014\/12\/formacio-cast-01-300x145.png 300w\" sizes=\"(max-width: 690px) 100vw, 690px\" \/><\/a><\/p>\n<p style=\"text-align: justify;\"><div class=\"su-accordion su-u-trim\">\n<div class=\"su-spoiler su-spoiler-style-default su-spoiler-icon-arrow su-spoiler-closed\" data-scroll-offset=\"0\" data-anchor-in-url=\"no\"><div class=\"su-spoiler-title\" tabindex=\"0\" role=\"button\"><span class=\"su-spoiler-icon\"><\/span>Doble objetivo<\/div><div class=\"su-spoiler-content su-u-clearfix su-u-trim\">\n<ul style=\"text-align: justify;\">\n<li class=\"llista\"><strong>Capacitaci\u00f3n Profesional: <\/strong>Formar y capacitar a las personas para el desempe\u00f1o de sus funciones y tareas en el puesto de trabajo.<\/li>\n<li class=\"llista\"><strong>Desarrollo Personal:<\/strong> Facilitar que las personas <strong>mejoren su nivel educacional para que de este modo mejoren su entorno cultural y social<\/strong>.<\/li>\n<\/ul>\n<p style=\"text-align: justify;\"><\/div><\/div>\n<p style=\"text-align: justify;\"><div class=\"su-spoiler su-spoiler-style-default su-spoiler-icon-arrow su-spoiler-closed\" data-scroll-offset=\"0\" data-anchor-in-url=\"no\"><div class=\"su-spoiler-title\" tabindex=\"0\" role=\"button\"><span class=\"su-spoiler-icon\"><\/span>Doble vertiente<\/div><div class=\"su-spoiler-content su-u-clearfix su-u-trim\">\n<ul style=\"text-align: justify;\">\n<li class=\"llista\"><strong>Formaci\u00f3n que por el contenido de las materias adquiere un car\u00e1cter transversal<\/strong> y en consecuencia va destinada a un colectivo muy amplio atendiendo a la categor\u00eda del trabajador:\n<ul>\n<li class=\"llista2\">Riesgos Laborales.<\/li>\n<li class=\"llista2\">Ergonom\u00eda.<\/li>\n<li class=\"llista2\">Comunicaci\u00f3n.<\/li>\n<li class=\"llista2\">Gesti\u00f3n del tiempo.<\/li>\n<li class=\"llista2\">Atenci\u00f3n al cliente.<\/li>\n<\/ul>\n<\/li>\n<li class=\"llista\"><strong>Formaci\u00f3n especializada atendiendo a la categor\u00eda, puesto de trabajado y l\u00ednea de servicio o negocio<\/strong>:\n<ul>\n<li class=\"llista2\">Manipulaci\u00f3n de alimentos.<\/li>\n<li class=\"llista2\">Trabajos en altura.<\/li>\n<li class=\"llista2\">Mantenimiento de jardines.<\/li>\n<li class=\"llista2\">Gesti\u00f3n documental.<\/li>\n<li class=\"llista2\">Diet\u00e9tica.<\/li>\n<li class=\"llista2\">Ionizaci\u00f3n.<\/li>\n<li class=\"llista2\">Salas blancas.<\/li>\n<li class=\"llista2\">Tratamiento de residuos vegetales.<\/li>\n<li class=\"llista2\">Etc.<\/li>\n<\/ul>\n<\/li>\n<\/ul>\n<p style=\"text-align: justify;\"><\/div><\/div>\n<p style=\"text-align: justify;\"><\/div>\n","protected":false},"excerpt":{"rendered":"","protected":false},"author":1,"featured_media":0,"parent":1086,"menu_order":3,"comment_status":"closed","ping_status":"closed","template":"","meta":[],"_links":{"self":[{"href":"https:\/\/mismaeficacia.cat\/es\/wp-json\/wp\/v2\/pages\/1102"}],"collection":[{"href":"https:\/\/mismaeficacia.cat\/es\/wp-json\/wp\/v2\/pages"}],"about":[{"href":"https:\/\/mismaeficacia.cat\/es\/wp-json\/wp\/v2\/types\/page"}],"author":[{"embeddable":true,"href":"https:\/\/mismaeficacia.cat\/es\/wp-json\/wp\/v2\/users\/1"}],"replies":[{"embeddable":true,"href":"https:\/\/mismaeficacia.cat\/es\/wp-json\/wp\/v2\/comments?post=1102"}],"version-history":[{"count":10,"href":"https:\/\/mismaeficacia.cat\/es\/wp-json\/wp\/v2\/pages\/1102\/revisions"}],"predecessor-version":[{"id":1480,"href":"https:\/\/mismaeficacia.cat\/es\/wp-json\/wp\/v2\/pages\/1102\/revisions\/1480"}],"up":[{"embeddable":true,"href":"https:\/\/mismaeficacia.cat\/es\/wp-json\/wp\/v2\/pages\/1086"}],"wp:attachment":[{"href":"https:\/\/mismaeficacia.cat\/es\/wp-json\/wp\/v2\/media?parent=1102"}],"curies":[{"name":"wp","href":"https:\/\/api.w.org\/{rel}","templated":true}]}}