{"id":1723,"date":"2015-05-19T07:10:58","date_gmt":"2015-05-19T07:10:58","guid":{"rendered":"http:\/\/mismaeficacia.cat\/?page_id=1723"},"modified":"2015-05-19T07:11:57","modified_gmt":"2015-05-19T07:11:57","slug":"fundacion-mismaeficacia","status":"publish","type":"page","link":"https:\/\/mismaeficacia.cat\/es\/mismaeficacia\/fundacion-mismaeficacia\/","title":{"rendered":"Fundaci\u00f3n Mismaeficacia"},"content":{"rendered":"<p>P\u00e1gina en construcci\u00f3n. Disculpe las molestias.<\/p>\n","protected":false},"excerpt":{"rendered":"<p>P\u00e1gina en construcci\u00f3n. Disculpe las molestias.<\/p>\n","protected":false},"author":1,"featured_media":0,"parent":924,"menu_order":1,"comment_status":"closed","ping_status":"closed","template":"","meta":[],"_links":{"self":[{"href":"https:\/\/mismaeficacia.cat\/es\/wp-json\/wp\/v2\/pages\/1723"}],"collection":[{"href":"https:\/\/mismaeficacia.cat\/es\/wp-json\/wp\/v2\/pages"}],"about":[{"href":"https:\/\/mismaeficacia.cat\/es\/wp-json\/wp\/v2\/types\/page"}],"author":[{"embeddable":true,"href":"https:\/\/mismaeficacia.cat\/es\/wp-json\/wp\/v2\/users\/1"}],"replies":[{"embeddable":true,"href":"https:\/\/mismaeficacia.cat\/es\/wp-json\/wp\/v2\/comments?post=1723"}],"version-history":[{"count":1,"href":"https:\/\/mismaeficacia.cat\/es\/wp-json\/wp\/v2\/pages\/1723\/revisions"}],"predecessor-version":[{"id":1724,"href":"https:\/\/mismaeficacia.cat\/es\/wp-json\/wp\/v2\/pages\/1723\/revisions\/1724"}],"up":[{"embeddable":true,"href":"https:\/\/mismaeficacia.cat\/es\/wp-json\/wp\/v2\/pages\/924"}],"wp:attachment":[{"href":"https:\/\/mismaeficacia.cat\/es\/wp-json\/wp\/v2\/media?parent=1723"}],"curies":[{"name":"wp","href":"https:\/\/api.w.org\/{rel}","templated":true}]}}