{"id":1808,"date":"2016-04-15T20:33:34","date_gmt":"2016-04-15T20:33:34","guid":{"rendered":"http:\/\/mismaeficacia.cat\/alianzas\/papelmatic\/"},"modified":"2016-04-26T20:10:52","modified_gmt":"2016-04-26T20:10:52","slug":"papelmatic","status":"publish","type":"page","link":"https:\/\/mismaeficacia.cat\/es\/alianzas\/papelmatic\/","title":{"rendered":"Papelmatic"},"content":{"rendered":"<h3><a href=\"http:\/\/www.papelmatic.com\/\" target=\"_blank\"><img loading=\"lazy\" class=\" wp-image-1793 alignright\" src=\"http:\/\/mismaeficacia.cat\/wp-content\/uploads\/2016\/04\/logo_papelmatic_q1-300x180-300x54.jpg\" alt=\"logo_papelmatic_q1-300x180\" width=\"233\" height=\"42\" \/><\/a>Higiene integral<\/h3>\n<table id=\"taula\" border=\"0\" width=\"100%\" cellspacing=\"0\" cellpadding=\"0\">\n<tbody>\n<tr>\n<td valign=\"top\" width=\"60%\"><strong>MISMAEFICACIA<\/strong> es el Centro Especial de Empleo \u201c<strong>partner<\/strong>\u201d estrat\u00e9gico de GRUPO <strong>PAPELMATIC<\/strong>.<\/p>\n<p>Desde nuestra <strong>CENTRAL DE COMPRAS<\/strong> suministramos a nuestros clientes <strong>Productos y Soluciones de Limpieza e Higiene. <\/strong><\/p>\n<p><strong>De este modo facilitamos el cumplimiento<\/strong> de las obligaciones derivadas de la LISMI como medida alternativa.<strong><br \/>\n<\/strong><\/td>\n<td valign=\"top\" bgcolor=\"#eeeeee\" width=\"40%\">Cat\u00e1logos:<\/p>\n<ul>\n<li><a href=\"http:\/\/mismaeficacia.cat\/wp-content\/uploads\/2016\/04\/Cata\u0301logo-Papelmatic-2015-misma-eficacia-CELULOSA.pdf\" target=\"_blank\">M.E-CELULOSA<\/a><\/li>\n<li><a href=\"http:\/\/mismaeficacia.cat\/wp-content\/uploads\/2016\/04\/Cata\u0301logo-Papelmatic-2015-misma-eficacia-EQUIPAM-Y-HOSTEL.pdf\" target=\"_blank\">M.E-EQUIPAMIENTOS Y HOSTALERIA<\/a><\/li>\n<li><a href=\"http:\/\/mismaeficacia.cat\/wp-content\/uploads\/2016\/04\/Cata\u0301logo-Papelmatic-2015-misma-eficacia-HIGIENE-MANOS.pdf\" target=\"_blank\">M.E-HIGIENE MANOS<\/a><\/li>\n<li><a href=\"http:\/\/mismaeficacia.cat\/wp-content\/uploads\/2016\/04\/Cata\u0301logo-Papelmatic-2015-misma-eficacia-LIMPIEZA-Y-DESINFEC.pdf\" target=\"_blank\">M.E-LIMPIEZA Y DESINFECCI\u00d3N<\/a><\/li>\n<li><a href=\"http:\/\/mismaeficacia.cat\/wp-content\/uploads\/2016\/04\/Cata\u0301logo-Papelmatic-2015-misma-eficacia-LIMPIEZAS-TECNICAS.pdf\" target=\"_blank\">M.E-LIMPIEZAS T\u00c9CNICAS<\/a><\/li>\n<li><a href=\"http:\/\/mismaeficacia.cat\/wp-content\/uploads\/2016\/04\/Cata\u0301logo-Papelmatic-2015-mismaeficacia-MATERIAL-LIMPIEZA.pdf\" target=\"_blank\">M.E-MATERIAL LIMPIEZA<\/a><\/li>\n<li><a href=\"http:\/\/mismaeficacia.cat\/wp-content\/uploads\/2016\/04\/Cata\u0301logo-Papelmatic-2015-misma-eficacia-PROTEC-PERSONAL.pdf\" target=\"_blank\">M.E-PROTECCI\u00d3N PERSONAL<\/a><\/li>\n<\/ul>\n<\/td>\n<\/tr>\n<tr>\n<td colspan=\"2\" valign=\"top\"><strong>Con m\u00e1s de 50 a\u00f1os de experiencia GRUPO PAPELMATIC<\/strong>, es l\u00edder en la fabricaci\u00f3n de <strong>productos de celulosa, limpieza industrial, sanitaria e higiene profesional<\/strong>.<\/p>\n<p>Contribuimos al bienestar de pacientes, residentes, comensales, trabajadores, estudiantes y usuarios en general cubriendo las necesidades de higiene personal y ambiental a trav\u00e9s de soluciones siempre sostenibles para el medio ambiente.<\/p>\n<p>De la mano de cient\u00edficos y profesionales del <strong>\u00e1mbito sanitario<\/strong>, en <strong>PAPELMATIC<\/strong> se investigan procesos y protocolos que garantizan la seguridad e higiene en el trabajo mediante herramientas de prevenci\u00f3n e higiene integral adaptados para cada cliente. Para ello, nos basamos en par\u00e1metros como:<\/p>\n<ul>\n<li>Estudio de optimizaci\u00f3n.<\/li>\n<li>Adecuaci\u00f3n de los espacios profesionales.<\/li>\n<li>Estudio ergon\u00f3mico del lugar de trabajo.<\/li>\n<li>An\u00e1lisis de las necesidades de limpieza.<\/li>\n<li>Desinfecci\u00f3n en el \u00e1mbito industrial.<\/li>\n<li>Higiene hospitalaria.<\/li>\n<li>Manipulaci\u00f3n alimentaria, etc.<\/li>\n<\/ul>\n<p>Agilidad y fiabilidad en la log\u00edstica del pedido gracias a su modelo de gesti\u00f3n.<\/p>\n<p>El departamento de I+D, garantiza el cumplimiento estricto en normativa, prestaciones y durabilidad de los productos y servicios.<\/p>\n<p><strong>El acuerdo engloba la incorporaci\u00f3n de personal con discapacidad de MISMAEFICACIA-CET en las instalaciones de PAPELMATIC para la realizaci\u00f3n de tareas log\u00edsticas de manipulaci\u00f3n, picking, expedici\u00f3n y distribuci\u00f3n de pedidos de los clientes de MISMAEFICACIA.<\/strong><\/td>\n<\/tr>\n<\/tbody>\n<\/table>\n","protected":false},"excerpt":{"rendered":"<p>Higiene integral MISMAEFICACIA es el Centro Especial de Empleo \u201cpartner\u201d estrat\u00e9gico de GRUPO PAPELMATIC. Desde nuestra CENTRAL DE COMPRAS suministramos a nuestros clientes Productos y Soluciones de Limpieza e Higiene. De este modo facilitamos el cumplimiento de las obligaciones derivadas de la LISMI como medida alternativa. Cat\u00e1logos: M.E-CELULOSA M.E-EQUIPAMIENTOS Y HOSTALERIA M.E-HIGIENE MANOS M.E-LIMPIEZA Y [&hellip;]<\/p>\n","protected":false},"author":1,"featured_media":0,"parent":1733,"menu_order":2,"comment_status":"closed","ping_status":"closed","template":"","meta":[],"_links":{"self":[{"href":"https:\/\/mismaeficacia.cat\/es\/wp-json\/wp\/v2\/pages\/1808"}],"collection":[{"href":"https:\/\/mismaeficacia.cat\/es\/wp-json\/wp\/v2\/pages"}],"about":[{"href":"https:\/\/mismaeficacia.cat\/es\/wp-json\/wp\/v2\/types\/page"}],"author":[{"embeddable":true,"href":"https:\/\/mismaeficacia.cat\/es\/wp-json\/wp\/v2\/users\/1"}],"replies":[{"embeddable":true,"href":"https:\/\/mismaeficacia.cat\/es\/wp-json\/wp\/v2\/comments?post=1808"}],"version-history":[{"count":12,"href":"https:\/\/mismaeficacia.cat\/es\/wp-json\/wp\/v2\/pages\/1808\/revisions"}],"predecessor-version":[{"id":2105,"href":"https:\/\/mismaeficacia.cat\/es\/wp-json\/wp\/v2\/pages\/1808\/revisions\/2105"}],"up":[{"embeddable":true,"href":"https:\/\/mismaeficacia.cat\/es\/wp-json\/wp\/v2\/pages\/1733"}],"wp:attachment":[{"href":"https:\/\/mismaeficacia.cat\/es\/wp-json\/wp\/v2\/media?parent=1808"}],"curies":[{"name":"wp","href":"https:\/\/api.w.org\/{rel}","templated":true}]}}