{"id":1824,"date":"2016-04-15T20:34:12","date_gmt":"2016-04-15T20:34:12","guid":{"rendered":"http:\/\/mismaeficacia.cat\/alianzas\/destrupack\/"},"modified":"2016-05-02T18:14:18","modified_gmt":"2016-05-02T18:14:18","slug":"destrupack","status":"publish","type":"page","link":"https:\/\/mismaeficacia.cat\/es\/alianzas\/destrupack\/","title":{"rendered":"Destrupack"},"content":{"rendered":"<h3><img loading=\"lazy\" class=\"size-full wp-image-2083 alignright\" src=\"http:\/\/mismaeficacia.cat\/wp-content\/uploads\/2016\/04\/destrupack.jpg\" alt=\"destrupack\" width=\"140\" height=\"51\" \/>Destrucci\u00f3n i reciclaje confidencial de documentos recogida selectiva de papel\u00a0y\u00a0cart\u00f3n<\/h3>\n<table id=\"taula\" border=\"0\" width=\"100%\" cellspacing=\"0\" cellpadding=\"0\">\n<tbody>\n<tr>\n<td valign=\"top\" width=\"60%\"><strong>Productos y Soluciones<\/strong><\/p>\n<p><strong>MISMAEFICACIA<\/strong> es el Centro Especial de Empleo \u201c<strong>partner<\/strong>\u201d estrat\u00e9gico de <strong>DESTRUPACK<\/strong>.<\/td>\n<td valign=\"top\" bgcolor=\"#eeeeee\" width=\"40%\">\u00a0Cat\u00e1logo:<\/p>\n<ul>\n<li><a href=\"http:\/\/mismaeficacia.cat\/wp-content\/uploads\/2016\/04\/Destrupack.pdf\" rel=\"\">Destrupack<\/a><\/li>\n<\/ul>\n<\/td>\n<\/tr>\n<tr>\n<td colspan=\"2\" valign=\"top\"><strong>MISMAEFICACIA<\/strong> es el Centro Especial de Empleo \u201c<strong>partner<\/strong>\u201d estrat\u00e9gico de <strong>DESTRUPACK<\/strong>.<\/p>\n<p>Desde nuestra <strong>CENTRAL DE SERVICIOS<\/strong> suministramos a nuestros clientes <strong>Servicios de destrucci\u00f3n confidencial de documentos y otros soportes. De este modo facilitamos el cumplimiento<\/strong> de las obligaciones derivadas de la LISMI como medida alternativa.<\/p>\n<p>Con m\u00e1s de 50 a\u00f1os de experiencia <strong>DESTRUPACK<\/strong>, es l\u00edder en la destrucci\u00f3n confidencial de documentos y otros soportes as\u00ed como en la recogida selectiva de papel, cat\u00f3n, o de otros materiales sensibles de su entidad a trav\u00e9s de un servicio seguro, independiente y flexible integrado en su organizaci\u00f3n o en su negocio y de acuerdo a sus necesidades.<\/p>\n<p>Contribuimos al <strong>orden<\/strong> en todo tipo de instalaciones p\u00fablicas y privadas y al <strong>bienestar<\/strong> de sus trabajadores, usuarios y resto de personas en general a trav\u00e9s de <strong>soluciones siempre sostenibles para el medio ambiente<\/strong>.<\/p>\n<p><strong>Servicio de contenedores de reciclaje<\/strong><br \/>\nDisponemos de la m\u00e1s amplia gama de contenedores de reciclaje para documentaci\u00f3n del mercado. Nos ajustamos a las necesidades del cliente, les asesoramos y proponemos la soluci\u00f3n m\u00e1s adecuada para sus necesidades y requerimientos.<\/p>\n<p><strong>El acuerdo engloba la colaboraci\u00f3n de personal de MISMAEFICACIA-CET con DESTRUPACK para la realizaci\u00f3n de tareas log\u00edsticas de manipulaci\u00f3n, picking, recogida, destrucci\u00f3n de documentos para los clientes de MISMAEFICACIA.<\/strong><\/td>\n<\/tr>\n<\/tbody>\n<\/table>\n","protected":false},"excerpt":{"rendered":"<p>Destrucci\u00f3n i reciclaje confidencial de documentos recogida selectiva de papel\u00a0y\u00a0cart\u00f3n Productos y Soluciones MISMAEFICACIA es el Centro Especial de Empleo \u201cpartner\u201d estrat\u00e9gico de DESTRUPACK. \u00a0Cat\u00e1logo: Destrupack MISMAEFICACIA es el Centro Especial de Empleo \u201cpartner\u201d estrat\u00e9gico de DESTRUPACK. Desde nuestra CENTRAL DE SERVICIOS suministramos a nuestros clientes Servicios de destrucci\u00f3n confidencial de documentos y otros soportes. [&hellip;]<\/p>\n","protected":false},"author":1,"featured_media":0,"parent":1733,"menu_order":4,"comment_status":"closed","ping_status":"closed","template":"","meta":[],"_links":{"self":[{"href":"https:\/\/mismaeficacia.cat\/es\/wp-json\/wp\/v2\/pages\/1824"}],"collection":[{"href":"https:\/\/mismaeficacia.cat\/es\/wp-json\/wp\/v2\/pages"}],"about":[{"href":"https:\/\/mismaeficacia.cat\/es\/wp-json\/wp\/v2\/types\/page"}],"author":[{"embeddable":true,"href":"https:\/\/mismaeficacia.cat\/es\/wp-json\/wp\/v2\/users\/1"}],"replies":[{"embeddable":true,"href":"https:\/\/mismaeficacia.cat\/es\/wp-json\/wp\/v2\/comments?post=1824"}],"version-history":[{"count":6,"href":"https:\/\/mismaeficacia.cat\/es\/wp-json\/wp\/v2\/pages\/1824\/revisions"}],"predecessor-version":[{"id":2110,"href":"https:\/\/mismaeficacia.cat\/es\/wp-json\/wp\/v2\/pages\/1824\/revisions\/2110"}],"up":[{"embeddable":true,"href":"https:\/\/mismaeficacia.cat\/es\/wp-json\/wp\/v2\/pages\/1733"}],"wp:attachment":[{"href":"https:\/\/mismaeficacia.cat\/es\/wp-json\/wp\/v2\/media?parent=1824"}],"curies":[{"name":"wp","href":"https:\/\/api.w.org\/{rel}","templated":true}]}}