{"id":924,"date":"2014-12-28T19:59:30","date_gmt":"2014-12-28T19:59:30","guid":{"rendered":"http:\/\/mismaeficacia.cat\/?page_id=924"},"modified":"2015-03-15T16:01:43","modified_gmt":"2015-03-15T16:01:43","slug":"mismaeficacia","status":"publish","type":"page","link":"https:\/\/mismaeficacia.cat\/es\/mismaeficacia\/","title":{"rendered":"Mismaeficacia"},"content":{"rendered":"<blockquote><p><span class=\"equalizer-inner\"><img loading=\"lazy\" class=\"alignleft wp-image-1391 size-thumbnail\" src=\"http:\/\/mismaeficacia.cat\/wp-content\/uploads\/2014\/12\/03-mismaeficacia-150x150.png\" alt=\"03-mismaeficacia\" width=\"150\" height=\"150\" srcset=\"https:\/\/mismaeficacia.cat\/wp-content\/uploads\/2014\/12\/03-mismaeficacia-150x150.png 150w, https:\/\/mismaeficacia.cat\/wp-content\/uploads\/2014\/12\/03-mismaeficacia-128x128.png 128w\" sizes=\"(max-width: 150px) 100vw, 150px\" \/><\/span><\/p>\n<p>&nbsp;<\/p>\n<p><span class=\"equalizer-inner\">Somos una empresa de gesti\u00f3n y prestaci\u00f3n de servicios generales, de soporte y apoyo a la actividades principales de nuestros clientes. <\/span><\/p><\/blockquote>\n<p><!--more--><\/p>\n<p>&nbsp;<\/p>\n<div class=\"su-accordion su-u-trim\">\n<div class=\"su-spoiler su-spoiler-style-default su-spoiler-icon-arrow\" data-scroll-offset=\"0\" data-anchor-in-url=\"no\"><div class=\"su-spoiler-title\" tabindex=\"0\" role=\"button\"><span class=\"su-spoiler-icon\"><\/span>Una labor social que combina:<\/div><div class=\"su-spoiler-content su-u-clearfix su-u-trim\">\n<ul>\n<li class=\"llista\">Inserci\u00f3n de personas con discapacidad.<\/li>\n<li class=\"llista\">Trabajo competitivo y de calidad.<\/li>\n<li class=\"llista\">Valor econ\u00f3mico social.<\/li>\n<\/ul>\n<p style=\"text-align: justify;\">Fomenta la igualdad de oportunidades:<\/p>\n<ul>\n<li class=\"llista\" style=\"text-align: justify;\"><strong>Los trabajadores de MISMAEFICACIA \u2013 CET realizan sus trabajos de un modo independiente<\/strong> y\/o formando equipo con otros trabajadores sin discapacidad y en consecuencia plenamente integrados.<\/li>\n<li class=\"llista\" style=\"text-align: justify;\"><strong>Mediante la subcontrataci\u00f3n de servicios<\/strong> el personal de MISMAEFICACIA realiza sus tareas <strong>en las instalaciones del cliente bajo la direcci\u00f3n, supervisi\u00f3n y control de un Gestor de MISMAEFICACIA.<\/strong><\/li>\n<li class=\"llista\" style=\"text-align: justify;\"><strong>Mediante acuerdos de colaboraci\u00f3n<\/strong> el personal de MISMAEFICACIA se incorpora <strong>en las instalaciones del cliente<\/strong> bajo la direcci\u00f3n, supervisi\u00f3n y control de un Gestor de MISMAEFICACIA <strong>para dar soporte a la transformaci\u00f3n, producci\u00f3n y manipulaci\u00f3n de materias, mercader\u00edas y bienes<\/strong>, pudiendo incluso venderlos directamente a nuestros clientes.<\/li>\n<\/ul>\n<\/div><\/div>\n<\/div>\n","protected":false},"excerpt":{"rendered":"<p>&nbsp; Somos una empresa de gesti\u00f3n y prestaci\u00f3n de servicios generales, de soporte y apoyo a la actividades principales de nuestros clientes.<\/p>\n","protected":false},"author":1,"featured_media":886,"parent":0,"menu_order":1,"comment_status":"closed","ping_status":"closed","template":"","meta":[],"_links":{"self":[{"href":"https:\/\/mismaeficacia.cat\/es\/wp-json\/wp\/v2\/pages\/924"}],"collection":[{"href":"https:\/\/mismaeficacia.cat\/es\/wp-json\/wp\/v2\/pages"}],"about":[{"href":"https:\/\/mismaeficacia.cat\/es\/wp-json\/wp\/v2\/types\/page"}],"author":[{"embeddable":true,"href":"https:\/\/mismaeficacia.cat\/es\/wp-json\/wp\/v2\/users\/1"}],"replies":[{"embeddable":true,"href":"https:\/\/mismaeficacia.cat\/es\/wp-json\/wp\/v2\/comments?post=924"}],"version-history":[{"count":15,"href":"https:\/\/mismaeficacia.cat\/es\/wp-json\/wp\/v2\/pages\/924\/revisions"}],"predecessor-version":[{"id":1454,"href":"https:\/\/mismaeficacia.cat\/es\/wp-json\/wp\/v2\/pages\/924\/revisions\/1454"}],"wp:featuredmedia":[{"embeddable":true,"href":"https:\/\/mismaeficacia.cat\/es\/wp-json\/wp\/v2\/media\/886"}],"wp:attachment":[{"href":"https:\/\/mismaeficacia.cat\/es\/wp-json\/wp\/v2\/media?parent=924"}],"curies":[{"name":"wp","href":"https:\/\/api.w.org\/{rel}","templated":true}]}}