{"id":928,"date":"2014-12-28T20:05:33","date_gmt":"2014-12-28T20:05:33","guid":{"rendered":"http:\/\/mismaeficacia.cat\/?page_id=928"},"modified":"2016-04-26T14:14:34","modified_gmt":"2016-04-26T14:14:34","slug":"que-hacemos","status":"publish","type":"page","link":"https:\/\/mismaeficacia.cat\/es\/mismaeficacia\/que-hacemos\/","title":{"rendered":"\u00bfQu\u00e9 hacemos?"},"content":{"rendered":"<ul>\n<li class=\"llista\" style=\"text-align: justify;\">Es una empresa que gestiona la prestaci\u00f3n, producci\u00f3n y comercializaci\u00f3n de bienes y servicios.<\/li>\n<li class=\"llista\" style=\"text-align: justify;\">Formada por un grupo de <strong>profesionales<\/strong> con una dilatada trayectoria y acreditada experiencia en el sector de la <strong>externalizaci\u00f3n &#8211; \u201coutsourcing<\/strong>\u201d.<\/li>\n<li class=\"llista\" style=\"text-align: justify;\">Especializada en la gesti\u00f3n de <strong>proyectos de outsourcing<\/strong> para procesos industriales de aprovisionamiento, elaboraci\u00f3n, manipulaci\u00f3n de productos y la prestaci\u00f3n de servicios generales y auxuliares \u201c<strong>facility services<\/strong>\u201d.<\/li>\n<li class=\"llista\" style=\"text-align: justify;\">Ofrecemos a nuestros clientes <strong>soluciones satisfactorias<\/strong> y garantizamos la utilizaci\u00f3n de los recursos m\u00e1s adecuados.<\/li>\n<li class=\"llista\" style=\"text-align: justify;\">Proponemos a nuestros clientes la <strong>gesti\u00f3n m\u00e1s adecuada<\/strong> para la actividad a desarrollar, ya sean la prestaci\u00f3n de servicios generales y auxiliares que dan soporte a su actividad principal o \u201ccore business\u201d, o el soporte para la fabricaci\u00f3n, elaboraci\u00f3n y manipulaci\u00f3n de sus productos.<\/li>\n<\/ul>\n<blockquote>\n<p style=\"text-align: justify;\"><strong>Actuamos como un socio de nuestro cliente en la direcci\u00f3n y gesti\u00f3n del servicio contratado.<\/strong><\/p>\n<\/blockquote>\n","protected":false},"excerpt":{"rendered":"<p>Es una empresa que gestiona la prestaci\u00f3n, producci\u00f3n y comercializaci\u00f3n de bienes y servicios. Formada por un grupo de profesionales con una dilatada trayectoria y acreditada experiencia en el sector de la externalizaci\u00f3n &#8211; \u201coutsourcing\u201d. Especializada en la gesti\u00f3n de proyectos de outsourcing para procesos industriales de aprovisionamiento, elaboraci\u00f3n, manipulaci\u00f3n de productos y la prestaci\u00f3n [&hellip;]<\/p>\n","protected":false},"author":1,"featured_media":0,"parent":924,"menu_order":3,"comment_status":"closed","ping_status":"closed","template":"","meta":[],"_links":{"self":[{"href":"https:\/\/mismaeficacia.cat\/es\/wp-json\/wp\/v2\/pages\/928"}],"collection":[{"href":"https:\/\/mismaeficacia.cat\/es\/wp-json\/wp\/v2\/pages"}],"about":[{"href":"https:\/\/mismaeficacia.cat\/es\/wp-json\/wp\/v2\/types\/page"}],"author":[{"embeddable":true,"href":"https:\/\/mismaeficacia.cat\/es\/wp-json\/wp\/v2\/users\/1"}],"replies":[{"embeddable":true,"href":"https:\/\/mismaeficacia.cat\/es\/wp-json\/wp\/v2\/comments?post=928"}],"version-history":[{"count":9,"href":"https:\/\/mismaeficacia.cat\/es\/wp-json\/wp\/v2\/pages\/928\/revisions"}],"predecessor-version":[{"id":2099,"href":"https:\/\/mismaeficacia.cat\/es\/wp-json\/wp\/v2\/pages\/928\/revisions\/2099"}],"up":[{"embeddable":true,"href":"https:\/\/mismaeficacia.cat\/es\/wp-json\/wp\/v2\/pages\/924"}],"wp:attachment":[{"href":"https:\/\/mismaeficacia.cat\/es\/wp-json\/wp\/v2\/media?parent=928"}],"curies":[{"name":"wp","href":"https:\/\/api.w.org\/{rel}","templated":true}]}}