{"id":932,"date":"2014-12-28T20:11:07","date_gmt":"2014-12-28T20:11:07","guid":{"rendered":"http:\/\/mismaeficacia.cat\/?page_id=932"},"modified":"2016-04-22T20:18:34","modified_gmt":"2016-04-22T20:18:34","slug":"donde-estamos","status":"publish","type":"page","link":"https:\/\/mismaeficacia.cat\/es\/mismaeficacia\/donde-estamos\/","title":{"rendered":"Contacto"},"content":{"rendered":"<p style=\"text-align: justify;\"><img loading=\"lazy\" class=\"alignleft size-full wp-image-1599\" src=\"http:\/\/mismaeficacia.cat\/wp-content\/uploads\/2014\/12\/on_estem.png\" alt=\"on_estem\" width=\"240\" height=\"172\" \/>Principalmente <strong>estamos en los centros de trabajo de nuestros clientes <\/strong>gestionando los servicios contratados.<\/p>\n<h2 style=\"text-align: justify;\">Direcci\u00f3n territorial en Catalu\u00f1a:<\/h2>\n<p style=\"text-align: justify;\">Nuestras oficinas est\u00e1n ubicadas en Pla\u00e7a de Catalunya, 14 17014 &#8211; Girona, donde podr\u00e1 contactar con nosotros por varios canales:<\/p>\n<ul>\n<li class=\"llista\" style=\"text-align: justify;\"><strong><a title=\"Formulario de contacto\" href=\"\/?page_id=1318\">Formulario de contacto<\/a><\/strong><\/li>\n<li class=\"llista\" style=\"text-align: justify;\"><strong><a title=\"Env\u00edenos su curr\u00edculum\" href=\"\/?page_id=1325\">Env\u00edenos su curr\u00edculum<\/a><\/strong><\/li>\n<\/ul>\n<p><iframe loading=\"lazy\" style=\"border: 0;\" src=\"https:\/\/www.google.com\/maps\/embed?pb=!1m14!1m8!1m3!1d5931.7606647586745!2d2.823845!3d41.981379!3m2!1i1024!2i768!4f13.1!3m3!1m2!1s0x12bae6dc369de39f%3A0x69fc4c9637dc9b8f!2sPla%C3%A7a+de+Catalunya%2C+14%2C+17002+Girona%2C+Spain!5e0!3m2!1sen!2sus!4v1419799026580\" width=\"550\" height=\"450\" frameborder=\"0\"><\/iframe><\/p>\n","protected":false},"excerpt":{"rendered":"<p>Principalmente estamos en los centros de trabajo de nuestros clientes gestionando los servicios contratados. Direcci\u00f3n territorial en Catalu\u00f1a: Nuestras oficinas est\u00e1n ubicadas en Pla\u00e7a de Catalunya, 14 17014 &#8211; Girona, donde podr\u00e1 contactar con nosotros por varios canales: Formulario de contacto Env\u00edenos su curr\u00edculum<\/p>\n","protected":false},"author":1,"featured_media":0,"parent":924,"menu_order":5,"comment_status":"closed","ping_status":"closed","template":"","meta":[],"_links":{"self":[{"href":"https:\/\/mismaeficacia.cat\/es\/wp-json\/wp\/v2\/pages\/932"}],"collection":[{"href":"https:\/\/mismaeficacia.cat\/es\/wp-json\/wp\/v2\/pages"}],"about":[{"href":"https:\/\/mismaeficacia.cat\/es\/wp-json\/wp\/v2\/types\/page"}],"author":[{"embeddable":true,"href":"https:\/\/mismaeficacia.cat\/es\/wp-json\/wp\/v2\/users\/1"}],"replies":[{"embeddable":true,"href":"https:\/\/mismaeficacia.cat\/es\/wp-json\/wp\/v2\/comments?post=932"}],"version-history":[{"count":12,"href":"https:\/\/mismaeficacia.cat\/es\/wp-json\/wp\/v2\/pages\/932\/revisions"}],"predecessor-version":[{"id":1905,"href":"https:\/\/mismaeficacia.cat\/es\/wp-json\/wp\/v2\/pages\/932\/revisions\/1905"}],"up":[{"embeddable":true,"href":"https:\/\/mismaeficacia.cat\/es\/wp-json\/wp\/v2\/pages\/924"}],"wp:attachment":[{"href":"https:\/\/mismaeficacia.cat\/es\/wp-json\/wp\/v2\/media?parent=932"}],"curies":[{"name":"wp","href":"https:\/\/api.w.org\/{rel}","templated":true}]}}