{"id":947,"date":"2014-12-28T20:46:02","date_gmt":"2014-12-28T20:46:02","guid":{"rendered":"http:\/\/mismaeficacia.cat\/?page_id=947"},"modified":"2015-05-19T07:04:58","modified_gmt":"2015-05-19T07:04:58","slug":"recepcion-y-atencion-al-cliente","status":"publish","type":"page","link":"https:\/\/mismaeficacia.cat\/es\/linea-de-negocio-y-servicios\/recepcion-y-atencion-al-cliente\/","title":{"rendered":"Gesti\u00f3n de Espacios"},"content":{"rendered":"<p style=\"text-align: justify;\"><div class=\"su-accordion su-u-trim\"><div class=\"su-spoiler su-spoiler-style-default su-spoiler-icon-arrow\" data-scroll-offset=\"0\" data-anchor-in-url=\"no\"><div class=\"su-spoiler-title\" tabindex=\"0\" role=\"button\"><span class=\"su-spoiler-icon\"><\/span>Recepci\u00f3n y atenci\u00f3n<\/div><div class=\"su-spoiler-content su-u-clearfix su-u-trim\">\n<img loading=\"lazy\" class=\"alignleft wp-image-1214 size-thumbnail\" src=\"http:\/\/mismaeficacia.cat\/wp-content\/uploads\/2014\/12\/01-recepcion-150x150.png\" alt=\"01-recepcion\" width=\"150\" height=\"150\" srcset=\"https:\/\/mismaeficacia.cat\/wp-content\/uploads\/2014\/12\/01-recepcion-150x150.png 150w, https:\/\/mismaeficacia.cat\/wp-content\/uploads\/2014\/12\/01-recepcion-128x128.png 128w\" sizes=\"(max-width: 150px) 100vw, 150px\" \/>El primer lugar de contacto con la empresa es la recepci\u00f3n. Es as\u00ed en cualquier tipo de actividad econ\u00f3mica. Nuestro personal est\u00e1 formado para integrarse en su estructura formando equipo y aportando soluciones. <strong>La atenci\u00f3n presencial y la comunicaci\u00f3n telef\u00f3nica es la primera imagen y impresi\u00f3n de su empresa o instituci\u00f3n p\u00fablica o privada<\/strong>.<\/p>\n<p style=\"text-align: justify;\"><strong>Correo interno &#8211; mensajer\u00eda<\/strong><br \/>\nLa gesti\u00f3n del correo y valija es una tarea intensiva en todas las instituciones, entidades y empresas corporativas. Estas tareas pueden tambi\u00e9n compaginarse cuando la actividad lo requiere con la gesti\u00f3n documental, archivo, reprograf\u00eda, etc.<br \/>\n<\/div><\/div>\n<div class=\"su-spoiler su-spoiler-style-default su-spoiler-icon-arrow su-spoiler-closed\" data-scroll-offset=\"0\" data-anchor-in-url=\"no\"><div class=\"su-spoiler-title\" tabindex=\"0\" role=\"button\"><span class=\"su-spoiler-icon\"><\/span>Control de acesos<\/div><div class=\"su-spoiler-content su-u-clearfix su-u-trim\">\n<img loading=\"lazy\" class=\"alignright size-medium wp-image-1673\" src=\"http:\/\/mismaeficacia.cat\/wp-content\/uploads\/2014\/12\/control-acceso-300x200.png\" alt=\"control-acceso\" width=\"300\" height=\"200\" srcset=\"https:\/\/mismaeficacia.cat\/wp-content\/uploads\/2014\/12\/control-acceso-300x200.png 300w, https:\/\/mismaeficacia.cat\/wp-content\/uploads\/2014\/12\/control-acceso.png 500w\" sizes=\"(max-width: 300px) 100vw, 300px\" \/><\/p>\n<ul style=\"text-align: justify;\">\n<li>Conserjes<\/li>\n<li>Ordenanzas<\/li>\n<li>Servicios de orden<\/li>\n<li>Atenci\u00f3n al cliente<\/li>\n<li>Recepcionistas<\/li>\n<li>Telefonistas<\/li>\n<li>Personal administrativo<\/li>\n<\/ul>\n<p style=\"text-align: justify;\"><\/div><\/div>\n<\/div>\n","protected":false},"excerpt":{"rendered":"","protected":false},"author":1,"featured_media":1694,"parent":944,"menu_order":1,"comment_status":"closed","ping_status":"closed","template":"","meta":[],"_links":{"self":[{"href":"https:\/\/mismaeficacia.cat\/es\/wp-json\/wp\/v2\/pages\/947"}],"collection":[{"href":"https:\/\/mismaeficacia.cat\/es\/wp-json\/wp\/v2\/pages"}],"about":[{"href":"https:\/\/mismaeficacia.cat\/es\/wp-json\/wp\/v2\/types\/page"}],"author":[{"embeddable":true,"href":"https:\/\/mismaeficacia.cat\/es\/wp-json\/wp\/v2\/users\/1"}],"replies":[{"embeddable":true,"href":"https:\/\/mismaeficacia.cat\/es\/wp-json\/wp\/v2\/comments?post=947"}],"version-history":[{"count":12,"href":"https:\/\/mismaeficacia.cat\/es\/wp-json\/wp\/v2\/pages\/947\/revisions"}],"predecessor-version":[{"id":1676,"href":"https:\/\/mismaeficacia.cat\/es\/wp-json\/wp\/v2\/pages\/947\/revisions\/1676"}],"up":[{"embeddable":true,"href":"https:\/\/mismaeficacia.cat\/es\/wp-json\/wp\/v2\/pages\/944"}],"wp:featuredmedia":[{"embeddable":true,"href":"https:\/\/mismaeficacia.cat\/es\/wp-json\/wp\/v2\/media\/1694"}],"wp:attachment":[{"href":"https:\/\/mismaeficacia.cat\/es\/wp-json\/wp\/v2\/media?parent=947"}],"curies":[{"name":"wp","href":"https:\/\/api.w.org\/{rel}","templated":true}]}}