{"id":953,"date":"2014-12-28T20:53:09","date_gmt":"2014-12-28T20:53:09","guid":{"rendered":"http:\/\/mismaeficacia.cat\/?page_id=953"},"modified":"2015-05-17T19:02:17","modified_gmt":"2015-05-17T19:02:17","slug":"servicios-de-limpieza","status":"publish","type":"page","link":"https:\/\/mismaeficacia.cat\/es\/linea-de-negocio-y-servicios\/servicios-de-limpieza\/","title":{"rendered":"Servicios de Limpieza"},"content":{"rendered":"<h2 style=\"text-align: justify;\">F\u00e1cil y bien<\/h2>\n<p style=\"text-align: justify;\"><img loading=\"lazy\" class=\"alignleft size-full wp-image-1641\" src=\"http:\/\/mismaeficacia.cat\/wp-content\/uploads\/2014\/12\/limpieza.png\" alt=\"limpieza\" width=\"279\" height=\"186\" \/>Detallamos el servicio de limpieza, el tratamiento a utilizar, las tareas y frecuencias a realizar, as\u00ed como los materiales, m\u00e1quinas y productos que se utilizan, conjuntamente con el dise\u00f1o y planificaci\u00f3n del personal.<\/p>\n<p style=\"text-align: justify;\">Nuestro sistema de seguimiento y de control garantizan a nuestros clientes el \u00f3ptimo desarrollo de los servicios y en consecuencia, la tranquilidad y seguridad de que cuenta con profesionales.<\/p>\n<p style=\"text-align: justify;\"><div class=\"su-accordion su-u-trim\"> <div class=\"su-spoiler su-spoiler-style-default su-spoiler-icon-arrow su-spoiler-closed\" data-scroll-offset=\"0\" data-anchor-in-url=\"no\"><div class=\"su-spoiler-title\" tabindex=\"0\" role=\"button\"><span class=\"su-spoiler-icon\"><\/span>An\u00e1lisis<\/div><div class=\"su-spoiler-content su-u-clearfix su-u-trim\"> Analizamos con detalle la situaci\u00f3n actual del servicio, de las nuevas <strong>necesidades y requerimientos, los recursos disponibles, el tiempo, les frecuencias, las t\u00e9cnicas utilizadas y el dise\u00f1o del proceso<\/strong>. Aprovechamos los puntos fuertes y los adaptamos a las necesidades reales de cada servicio. <\/div><\/div> <div class=\"su-spoiler su-spoiler-style-default su-spoiler-icon-arrow su-spoiler-closed\" data-scroll-offset=\"0\" data-anchor-in-url=\"no\"><div class=\"su-spoiler-title\" tabindex=\"0\" role=\"button\"><span class=\"su-spoiler-icon\"><\/span>Productividad<\/div><div class=\"su-spoiler-content su-u-clearfix su-u-trim\">\n<ul style=\"text-align: justify;\">\n<li>Actualizamos los sistemas empleados y los recursos utilizados.<\/li>\n<li>Aseguramos a nuestros clientes que se est\u00e1n utilizando los productos y\/o maquinaria adecuada.<\/li>\n<li>Garantizamos la m\u00e1xima eficiencia en los servicios de limpieza e higiene.<\/li>\n<\/ul>\n<p style=\"text-align: justify;\"><\/div><\/div> <div class=\"su-spoiler su-spoiler-style-default su-spoiler-icon-arrow su-spoiler-closed\" data-scroll-offset=\"0\" data-anchor-in-url=\"no\"><div class=\"su-spoiler-title\" tabindex=\"0\" role=\"button\"><span class=\"su-spoiler-icon\"><\/span>Gesti\u00f3n<\/div><div class=\"su-spoiler-content su-u-clearfix su-u-trim\">\n<p style=\"text-align: justify;\">Para que esto sea as\u00ed, <strong>dise\u00f1amos un plan<\/strong>, lo implantamos y realizamos un completo seguimiento desde el principio del proceso hasta el final.<\/p>\n<p style=\"text-align: justify;\">Involucramos a todas las personas y recursos que intervienen en el mismo, <strong>actualizamos y renovamos los procesos<\/strong> de manera que el servicio ofrecido siempre se adecue a las necesidades y requerimientos.<\/p>\n<p style=\"text-align: justify;\"><strong>Mismaeficacia\u00a0trabaja y act\u00faa en equipo con sus clientes<\/strong>, para atender y resolver cualquier duda, incidencia o sugerencia.<\/p>\n<p style=\"text-align: justify;\">As\u00ed trabajamos desde el inicio del estudio hasta el diagn\u00f3stico y valoraci\u00f3n de las soluciones propuestas.<\/p>\n<h6 style=\"text-align: justify;\">Sistema de seguimiento<\/h6>\n<p style=\"text-align: justify;\">El sistema de trazabilidad nos permite en todo momento saber:<\/p>\n<ul style=\"text-align: justify;\">\n<li>que tareas se est\u00e1n haciendo<\/li>\n<li>en que parte de las instalaciones o edificio<\/li>\n<li>de que manera<\/li>\n<li>quien lo est\u00e1 haciendo<\/li>\n<li>los productos y maquinaria<\/li>\n<li>libro de instrucciones<\/li>\n<\/ul>\n<p style=\"text-align: justify;\">La formaci\u00f3n del personal, la experiencia y competencias <strong>nos permiten ofrecer soluciones<\/strong> para resolver las posibles incidencias no previstas y de este modo que el resultado sea siempre un servicio \u00f3ptimo.<\/p>\n<p style=\"text-align: justify;\"><\/div><\/div> <\/div>\n<blockquote><p><strong><span style=\"line-height: 1.5;\">A\u00f1adimos valor a los servicios<\/span><\/strong><\/p><\/blockquote>\n<ul>\n<li class=\"llista\" style=\"text-align: justify;\">Formaci\u00f3n y motivaci\u00f3n continua del personal<\/li>\n<li class=\"llista\" style=\"text-align: justify;\">M\u00e9todo sistema y procedimiento<\/li>\n<li class=\"llista\" style=\"text-align: justify;\">Productos y maquinaria<\/li>\n<li class=\"llista\" style=\"text-align: justify;\">Prevenci\u00f3n de riesgos laborales<\/li>\n<li class=\"llista\" style=\"text-align: justify;\">Gesti\u00f3n y aseguramiento de la calidad<\/li>\n<li class=\"llista\" style=\"text-align: justify;\">Confianza y honestidad<\/li>\n<li class=\"llista\" style=\"text-align: justify;\">Comunicaci\u00f3n<\/li>\n<\/ul>\n","protected":false},"excerpt":{"rendered":"<p>F\u00e1cil y bien Detallamos el servicio de limpieza, el tratamiento a utilizar, las tareas y frecuencias a realizar, as\u00ed como los materiales, m\u00e1quinas y productos que se utilizan, conjuntamente con el dise\u00f1o y planificaci\u00f3n del personal. Nuestro sistema de seguimiento y de control garantizan a nuestros clientes el \u00f3ptimo desarrollo de los servicios y en [&hellip;]<\/p>\n","protected":false},"author":1,"featured_media":1712,"parent":944,"menu_order":3,"comment_status":"closed","ping_status":"closed","template":"","meta":[],"_links":{"self":[{"href":"https:\/\/mismaeficacia.cat\/es\/wp-json\/wp\/v2\/pages\/953"}],"collection":[{"href":"https:\/\/mismaeficacia.cat\/es\/wp-json\/wp\/v2\/pages"}],"about":[{"href":"https:\/\/mismaeficacia.cat\/es\/wp-json\/wp\/v2\/types\/page"}],"author":[{"embeddable":true,"href":"https:\/\/mismaeficacia.cat\/es\/wp-json\/wp\/v2\/users\/1"}],"replies":[{"embeddable":true,"href":"https:\/\/mismaeficacia.cat\/es\/wp-json\/wp\/v2\/comments?post=953"}],"version-history":[{"count":22,"href":"https:\/\/mismaeficacia.cat\/es\/wp-json\/wp\/v2\/pages\/953\/revisions"}],"predecessor-version":[{"id":1643,"href":"https:\/\/mismaeficacia.cat\/es\/wp-json\/wp\/v2\/pages\/953\/revisions\/1643"}],"up":[{"embeddable":true,"href":"https:\/\/mismaeficacia.cat\/es\/wp-json\/wp\/v2\/pages\/944"}],"wp:featuredmedia":[{"embeddable":true,"href":"https:\/\/mismaeficacia.cat\/es\/wp-json\/wp\/v2\/media\/1712"}],"wp:attachment":[{"href":"https:\/\/mismaeficacia.cat\/es\/wp-json\/wp\/v2\/media?parent=953"}],"curies":[{"name":"wp","href":"https:\/\/api.w.org\/{rel}","templated":true}]}}