{"id":961,"date":"2014-12-28T20:58:12","date_gmt":"2014-12-28T20:58:12","guid":{"rendered":"http:\/\/mismaeficacia.cat\/?page_id=961"},"modified":"2015-05-17T18:37:21","modified_gmt":"2015-05-17T18:37:21","slug":"mantenimiento","status":"publish","type":"page","link":"https:\/\/mismaeficacia.cat\/es\/linea-de-negocio-y-servicios\/mantenimiento\/","title":{"rendered":"Mantenimiento"},"content":{"rendered":"<p style=\"text-align: justify;\"><img loading=\"lazy\" class=\"alignleft  wp-image-1665\" src=\"http:\/\/mismaeficacia.cat\/wp-content\/uploads\/2014\/12\/maneniment.png\" alt=\"maneniment\" width=\"273\" height=\"220\" \/>Trabajamos para que sus equipos, sistemas e instalaciones est\u00e9n en un <strong>\u00f3ptimo estado de funcionamiento<\/strong>, prevenimos posibles aver\u00edas e incidencias, <strong>prescribimos un plan de mantenimiento <\/strong>que da como resultado que las intervenciones preventivas y correctivas traigan un <strong>ahorro de costes y incremente la productividad<\/strong>.<\/p>\n<p>&nbsp;<\/p>\n<div class=\"su-accordion su-u-trim\">\n<div class=\"su-spoiler su-spoiler-style-default su-spoiler-icon-arrow\" data-scroll-offset=\"0\" data-anchor-in-url=\"no\"><div class=\"su-spoiler-title\" tabindex=\"0\" role=\"button\"><span class=\"su-spoiler-icon\"><\/span>Mantenemos el valor de sus inmuebles e instalaciones:<\/div><div class=\"su-spoiler-content su-u-clearfix su-u-trim\">\n<ul>\n<li class=\"llista\">Carpinter\u00eda<img loading=\"lazy\" class=\"alignright size-full wp-image-1677\" src=\"http:\/\/mismaeficacia.cat\/wp-content\/uploads\/2014\/12\/instalacions.png\" alt=\"instalacions\" width=\"240\" height=\"157\" \/><\/li>\n<li class=\"llista\">Pintura<\/li>\n<li class=\"llista\">Paletas<\/li>\n<li class=\"llista\">Cerrajer\u00eda<\/li>\n<li class=\"llista\">Lampister\u00eda<\/li>\n<\/ul>\n<\/div><\/div>\n<\/div>\n","protected":false},"excerpt":{"rendered":"<p>Trabajamos para que sus equipos, sistemas e instalaciones est\u00e9n en un \u00f3ptimo estado de funcionamiento, prevenimos posibles aver\u00edas e incidencias, prescribimos un plan de mantenimiento que da como resultado que las intervenciones preventivas y correctivas traigan un ahorro de costes y incremente la productividad. &nbsp;<\/p>\n","protected":false},"author":1,"featured_media":1696,"parent":944,"menu_order":4,"comment_status":"closed","ping_status":"closed","template":"","meta":[],"_links":{"self":[{"href":"https:\/\/mismaeficacia.cat\/es\/wp-json\/wp\/v2\/pages\/961"}],"collection":[{"href":"https:\/\/mismaeficacia.cat\/es\/wp-json\/wp\/v2\/pages"}],"about":[{"href":"https:\/\/mismaeficacia.cat\/es\/wp-json\/wp\/v2\/types\/page"}],"author":[{"embeddable":true,"href":"https:\/\/mismaeficacia.cat\/es\/wp-json\/wp\/v2\/users\/1"}],"replies":[{"embeddable":true,"href":"https:\/\/mismaeficacia.cat\/es\/wp-json\/wp\/v2\/comments?post=961"}],"version-history":[{"count":11,"href":"https:\/\/mismaeficacia.cat\/es\/wp-json\/wp\/v2\/pages\/961\/revisions"}],"predecessor-version":[{"id":1681,"href":"https:\/\/mismaeficacia.cat\/es\/wp-json\/wp\/v2\/pages\/961\/revisions\/1681"}],"up":[{"embeddable":true,"href":"https:\/\/mismaeficacia.cat\/es\/wp-json\/wp\/v2\/pages\/944"}],"wp:featuredmedia":[{"embeddable":true,"href":"https:\/\/mismaeficacia.cat\/es\/wp-json\/wp\/v2\/media\/1696"}],"wp:attachment":[{"href":"https:\/\/mismaeficacia.cat\/es\/wp-json\/wp\/v2\/media?parent=961"}],"curies":[{"name":"wp","href":"https:\/\/api.w.org\/{rel}","templated":true}]}}