{"id":963,"date":"2014-12-28T20:59:47","date_gmt":"2014-12-28T20:59:47","guid":{"rendered":"http:\/\/mismaeficacia.cat\/?page_id=963"},"modified":"2015-05-17T18:57:02","modified_gmt":"2015-05-17T18:57:02","slug":"jardineria-y-mantenimiento-de-espacios-verdes","status":"publish","type":"page","link":"https:\/\/mismaeficacia.cat\/es\/linea-de-negocio-y-servicios\/jardineria-y-mantenimiento-de-espacios-verdes\/","title":{"rendered":"Jardiner\u00eda y mantenimiento de espacios verdes"},"content":{"rendered":"<blockquote>\n<p style=\"text-align: justify;\"><img loading=\"lazy\" class=\"alignleft wp-image-1226 size-thumbnail\" src=\"http:\/\/mismaeficacia.cat\/wp-content\/uploads\/2014\/12\/01-jardineria-150x150.png\" alt=\"01-jardineria\" width=\"150\" height=\"150\" srcset=\"https:\/\/mismaeficacia.cat\/wp-content\/uploads\/2014\/12\/01-jardineria-150x150.png 150w, https:\/\/mismaeficacia.cat\/wp-content\/uploads\/2014\/12\/01-jardineria-128x128.png 128w\" sizes=\"(max-width: 150px) 100vw, 150px\" \/>Cuidamos el aspecto y conservaci\u00f3n de los espacios ajardinados exteriores y de la jardiner\u00eda interior.<\/p>\n<\/blockquote>\n<p style=\"text-align: justify;\">Programamos las operaciones de riego, poda, abono, reposici\u00f3n de plantas de temporada y conseguimos un aspecto ordenado y pulcro.<\/p>\n<ul>\n<li class=\"llista\" style=\"text-align: justify;\"><img loading=\"lazy\" class=\" wp-image-1618 alignright\" src=\"http:\/\/mismaeficacia.cat\/wp-content\/uploads\/2014\/12\/jardineria.png\" alt=\"jardineria\" width=\"150\" height=\"100\" \/>Mantenimiento de Jardines.<\/li>\n<li class=\"llista\" style=\"text-align: justify;\">Recorte y podas de arbustos.<\/li>\n<li class=\"llista\" style=\"text-align: justify;\">Poda de \u00e1rboles.<\/li>\n<li class=\"llista\" style=\"text-align: justify;\">Siega de c\u00e9sped.<\/li>\n<li class=\"llista\" style=\"text-align: justify;\">Fertilizaci\u00f3n y abonado.<\/li>\n<li class=\"llista\" style=\"text-align: justify;\">Limpieza.<\/li>\n<li class=\"llista\" style=\"text-align: justify;\">Riegos automatizados.<\/li>\n<\/ul>\n<p>&nbsp;<\/p>\n","protected":false},"excerpt":{"rendered":"<p>Cuidamos el aspecto y conservaci\u00f3n de los espacios ajardinados exteriores y de la jardiner\u00eda interior. Programamos las operaciones de riego, poda, abono, reposici\u00f3n de plantas de temporada y conseguimos un aspecto ordenado y pulcro. Mantenimiento de Jardines. Recorte y podas de arbustos. Poda de \u00e1rboles. Siega de c\u00e9sped. Fertilizaci\u00f3n y abonado. Limpieza. Riegos automatizados. &nbsp;<\/p>\n","protected":false},"author":1,"featured_media":1708,"parent":944,"menu_order":5,"comment_status":"closed","ping_status":"closed","template":"","meta":[],"_links":{"self":[{"href":"https:\/\/mismaeficacia.cat\/es\/wp-json\/wp\/v2\/pages\/963"}],"collection":[{"href":"https:\/\/mismaeficacia.cat\/es\/wp-json\/wp\/v2\/pages"}],"about":[{"href":"https:\/\/mismaeficacia.cat\/es\/wp-json\/wp\/v2\/types\/page"}],"author":[{"embeddable":true,"href":"https:\/\/mismaeficacia.cat\/es\/wp-json\/wp\/v2\/users\/1"}],"replies":[{"embeddable":true,"href":"https:\/\/mismaeficacia.cat\/es\/wp-json\/wp\/v2\/comments?post=963"}],"version-history":[{"count":17,"href":"https:\/\/mismaeficacia.cat\/es\/wp-json\/wp\/v2\/pages\/963\/revisions"}],"predecessor-version":[{"id":1624,"href":"https:\/\/mismaeficacia.cat\/es\/wp-json\/wp\/v2\/pages\/963\/revisions\/1624"}],"up":[{"embeddable":true,"href":"https:\/\/mismaeficacia.cat\/es\/wp-json\/wp\/v2\/pages\/944"}],"wp:featuredmedia":[{"embeddable":true,"href":"https:\/\/mismaeficacia.cat\/es\/wp-json\/wp\/v2\/media\/1708"}],"wp:attachment":[{"href":"https:\/\/mismaeficacia.cat\/es\/wp-json\/wp\/v2\/media?parent=963"}],"curies":[{"name":"wp","href":"https:\/\/api.w.org\/{rel}","templated":true}]}}